{"id":2233,"date":"2014-02-09T17:49:55","date_gmt":"2014-02-09T16:51:48","guid":{"rendered":"http:\/\/shop.langhe.net\/?post_type=product&#038;p=2233"},"modified":"2025-02-24T00:13:06","modified_gmt":"2025-02-23T23:13:06","slug":"piemonte-doc-moscato-gatti-en","status":"publish","type":"product","link":"https:\/\/shop.langhe.net\/en\/product\/piemonte-doc-moscato-gatti-en\/","title":{"rendered":"Piemonte Moscato DOC 2023 &#8211; Gatti Piero"},"content":{"rendered":"<h3>Basic information<\/h3>\n<p><strong>Product <\/strong><strong>Name:<\/strong> Piemonte Moscato DOC<br \/>\n<strong>C\u00e9page:<\/strong> Moscato<br \/>\n<strong>Appellation:<\/strong> Piemonte Moscato<br \/>\n<strong>Classificaton:<\/strong> DOC<br \/>\n<strong>Color:<\/strong> white<br \/>\n<strong>Type:<\/strong> sparkling and sweet<br \/>\n<strong>Country<\/strong>\/<strong>Region:<\/strong> Italy, Piemonte<br \/>\n<strong>Vintage:<\/strong> 2023<br \/>\n<strong>Alcool percentage:<\/strong> 5.5 % vol.<br \/>\n<strong>Sugar rate:<\/strong> 140 g\/l<br \/>\n<strong>Number of bottles produced:<\/strong> 40,000<\/p>\n<h3>Vinification (Wine-making)<\/h3>\n<p><strong>Method:<\/strong> destemming and soft pressing of the grapes, keeping the must at -2\u00b0C, fermentation with selected yeasts at 16\u00b0C for about 5 days<br \/>\n<strong>Temperature:<\/strong> 16\u00b0 controlled temperature<br \/>\n<strong>Duration:<\/strong> 5 days<\/p>\n<h3>Bottle<\/h3>\n<p><strong>Empty Bottle Weight:<\/strong> 500 g<br \/>\n<strong>Aging Potential:<\/strong> 2 years<br \/>\n<strong>Cork Material:<\/strong> screw cap<br \/>\n<strong>Bottle Type:<\/strong> new burgundy<\/p>\n<h3>Vineyard<\/h3>\n<p><strong>% of Grape \/ C\u00e9page:<\/strong> 100% moscato<br \/>\n<strong>Soil:<\/strong> calcareous<br \/>\n<strong>Exposure:<\/strong> south<br \/>\n<strong>Agricultural method:<\/strong> conventional<br \/>\n<strong>Harvest date:<\/strong> August<br \/>\n<strong>Type of Harvest:<\/strong> by hand, in small crates<br \/>\n<strong>Geolocation:<\/strong> Santo Stefano Belbo<\/p>\n","protected":false},"excerpt":{"rendered":"<p>A wine to go with <strong>dessert<\/strong> on special occasions, they say. But this <strong>concept<\/strong> is <strong>outdated<\/strong>: <strong>Moscato<\/strong> is also perfect to accompany<strong> delicate savory dishes<\/strong>.<\/p>\n<p>Trust me, try this madness at least once to<strong> change your mind<\/strong>!<\/p>\n<h3>Sight<\/h3>\n<p>It is a beautiful <strong>straw yellow<\/strong>.<\/p>\n<h3>Nose<\/h3>\n<p><strong>Honey<\/strong>, ripe fruits, <strong>peach<\/strong> and <strong>pear<\/strong>. A faint hint of <strong>citrus<\/strong> completes the aroma.<\/p>\n<h3>Taste<\/h3>\n<p>It is <strong>sweet<\/strong>, delicately <strong>aromatic<\/strong>, and its natural <strong>effervescence<\/strong> makes it <strong>fresh<\/strong> and pleasant.<\/p>\n<h3>Pairing tips<\/h3>\n<p>If you want to carry on <strong>tradition<\/strong>, try it with <strong>hazelnut desserts<\/strong>, <strong>creams<\/strong>, and <strong>fruit<\/strong>.<\/p>\n<p>If, on the other hand, you are <strong>open to new things<\/strong>, serve it during a <strong>light appetizer<\/strong> and surprise your guests.<\/p>\n<p><strong>To avoid<\/strong>: chocolate.<\/p>\n<h3>It\u2019s your guy if\u2026<\/h3>\n<p>&#8230;You love wines that are <strong>not too sweet<\/strong> and leave your <strong>mouth clean and fresh<\/strong>.<\/p>\n<h3>Now listening<\/h3>\n<p><em>Mon man\u00e8ge \u00e0 moi (Tu me fais tourner la t\u00eate) \u2013 \u00c9dith Piaf<\/em><\/p>\n<p>https:\/\/open.spotify.com\/track\/1K1kbAMbbAzVii1v2P1xu3?si=5fb964d418ff4ca5<\/p>\n","protected":false},"featured_media":54664,"comment_status":"open","ping_status":"closed","template":"","meta":{"_acf_changed":false,"_monsterinsights_skip_tracking":false,"_monsterinsights_sitenote_active":false,"_monsterinsights_sitenote_note":"","_monsterinsights_sitenote_category":0},"product_brand":[],"product_cat":[401],"product_tag":[653,3811],"pa_denomination":[390],"pa_vine":[26],"pa_producer":[97],"class_list":{"0":"post-2233","1":"product","2":"type-product","3":"status-publish","4":"has-post-thumbnail","6":"product_cat-moscato-en","7":"product_tag-aphrodisiac-wines","8":"product_tag-open-doors","9":"product_shipping_class-gatti-piero","10":"pa_denomination-piemonte-moscato-doc-en","11":"pa_product-type-dessert","12":"pa_product-type-sparkling","13":"pa_product-type-sweet","14":"pa_vine-moscato","15":"pa_producer-gatti-piero-en","17":"first","18":"instock","19":"taxable","20":"shipping-taxable","21":"purchasable","22":"product-type-simple"},"bundled_by":["18765","46150","35446"],"bundle_stock_status":"instock","bundle_stock_quantity":null,"bundle_virtual":false,"bundle_layout":"","bundle_add_to_cart_form_location":"","bundle_editable_in_cart":false,"bundle_sold_individually_context":"","bundle_item_grouping":"","bundle_min_size":"","bundle_max_size":"","bundle_price":[],"bundled_items":[],"bundle_sell_ids":[],"yoast_head":"<!-- This site is optimized with the Yoast SEO plugin v27.2 - https:\/\/yoast.com\/product\/yoast-seo-wordpress\/ -->\n<title>Buy Piemonte Moscato DOC 2023 - Gatti Piero at 13.00\u20ac only &gt; ShopLanghe<\/title>\n<meta name=\"description\" content=\"A wine to go with dessert on special occasions, they say. But this concept is outdated: Moscato is also perfect to accompany delicate savory dishes.  Trust me, try this madness at least once to change your mind! Sight It is a beautiful straw yellow. Nose Honey, ripe fruits, peach and pear. A faint hint of citrus completes the aroma. Taste It is sweet, delicately aromatic, and its natural effervescence makes it fresh and pleasant. Pairing tips If you want to carry on tradition, try it with hazelnut desserts, creams, and fruit.  If, on the other hand, you are open to new things, serve it during a light appetizer and surprise your guests.  To avoid: chocolate. It\u2019s your guy if\u2026 ...You love wines that are not too sweet and leave your mouth clean and fresh. Now listening Mon man\u00e8ge \u00e0 moi (Tu me fais tourner la t\u00eate) \u2013 \u00c9dith Piaf  https:\/\/open.spotify.com\/track\/1K1kbAMbbAzVii1v2P1xu3?si=5fb964d418ff4ca5\" \/>\n<meta name=\"robots\" content=\"index, follow, max-snippet:-1, max-image-preview:large, max-video-preview:-1\" \/>\n<link rel=\"canonical\" href=\"https:\/\/shop.langhe.net\/en\/product\/piemonte-doc-moscato-gatti-en\/\" \/>\n<meta property=\"og:locale\" content=\"en_US\" \/>\n<meta property=\"og:type\" content=\"article\" \/>\n<meta property=\"og:title\" content=\"Buy Piemonte Moscato DOC 2023 - Gatti Piero at 13.00\u20ac only &gt; ShopLanghe\" \/>\n<meta property=\"og:description\" content=\"A wine to go with dessert on special occasions, they say. But this concept is outdated: Moscato is also perfect to accompany delicate savory dishes.  Trust me, try this madness at least once to change your mind! Sight It is a beautiful straw yellow. Nose Honey, ripe fruits, peach and pear. A faint hint of citrus completes the aroma. Taste It is sweet, delicately aromatic, and its natural effervescence makes it fresh and pleasant. Pairing tips If you want to carry on tradition, try it with hazelnut desserts, creams, and fruit.  If, on the other hand, you are open to new things, serve it during a light appetizer and surprise your guests.  To avoid: chocolate. It\u2019s your guy if\u2026 ...You love wines that are not too sweet and leave your mouth clean and fresh. Now listening Mon man\u00e8ge \u00e0 moi (Tu me fais tourner la t\u00eate) \u2013 \u00c9dith Piaf  https:\/\/open.spotify.com\/track\/1K1kbAMbbAzVii1v2P1xu3?si=5fb964d418ff4ca5\" \/>\n<meta property=\"og:url\" content=\"https:\/\/shop.langhe.net\/en\/product\/piemonte-doc-moscato-gatti-en\/\" \/>\n<meta property=\"og:site_name\" content=\"LoveLanghe Shop\" \/>\n<meta property=\"article:modified_time\" content=\"2025-02-23T23:13:06+00:00\" \/>\n<meta property=\"og:image\" content=\"https:\/\/shop.langhe.net\/files\/2014\/02\/piemonte_moscato_gatti.png\" \/>\n\t<meta property=\"og:image:width\" content=\"570\" \/>\n\t<meta property=\"og:image:height\" content=\"1350\" \/>\n\t<meta property=\"og:image:type\" content=\"image\/png\" \/>\n<meta name=\"twitter:label1\" content=\"Est. reading time\" \/>\n\t<meta name=\"twitter:data1\" content=\"1 minute\" \/>\n<script type=\"application\/ld+json\" class=\"yoast-schema-graph\">{\"@context\":\"https:\/\/schema.org\",\"@graph\":[{\"@type\":\"WebPage\",\"@id\":\"https:\/\/shop.langhe.net\/en\/product\/piemonte-doc-moscato-gatti-en\/\",\"url\":\"https:\/\/shop.langhe.net\/en\/product\/piemonte-doc-moscato-gatti-en\/\",\"name\":\"Buy Piemonte Moscato DOC 2023 - Gatti Piero at 13.00\u20ac only > ShopLanghe\",\"isPartOf\":{\"@id\":\"https:\/\/shop.langhe.net\/#website\"},\"primaryImageOfPage\":{\"@id\":\"https:\/\/shop.langhe.net\/en\/product\/piemonte-doc-moscato-gatti-en\/#primaryimage\"},\"image\":{\"@id\":\"https:\/\/shop.langhe.net\/en\/product\/piemonte-doc-moscato-gatti-en\/#primaryimage\"},\"thumbnailUrl\":\"https:\/\/shop.langhe.net\/files\/2014\/02\/piemonte_moscato_gatti.png\",\"datePublished\":\"2014-02-09T16:51:48+00:00\",\"dateModified\":\"2025-02-23T23:13:06+00:00\",\"description\":\"A wine to go with dessert on special occasions, they say. But this concept is outdated: Moscato is also perfect to accompany delicate savory dishes. Trust me, try this madness at least once to change your mind! Sight It is a beautiful straw yellow. Nose Honey, ripe fruits, peach and pear. A faint hint of citrus completes the aroma. Taste It is sweet, delicately aromatic, and its natural effervescence makes it fresh and pleasant. Pairing tips If you want to carry on tradition, try it with hazelnut desserts, creams, and fruit. If, on the other hand, you are open to new things, serve it during a light appetizer and surprise your guests. To avoid: chocolate. It\u2019s your guy if\u2026 ...You love wines that are not too sweet and leave your mouth clean and fresh. Now listening Mon man\u00e8ge \u00e0 moi (Tu me fais tourner la t\u00eate) \u2013 \u00c9dith Piaf https:\/\/open.spotify.com\/track\/1K1kbAMbbAzVii1v2P1xu3?si=5fb964d418ff4ca5\",\"breadcrumb\":{\"@id\":\"https:\/\/shop.langhe.net\/en\/product\/piemonte-doc-moscato-gatti-en\/#breadcrumb\"},\"inLanguage\":\"en-US\",\"potentialAction\":[{\"@type\":\"ReadAction\",\"target\":[\"https:\/\/shop.langhe.net\/en\/product\/piemonte-doc-moscato-gatti-en\/\"]}]},{\"@type\":\"ImageObject\",\"inLanguage\":\"en-US\",\"@id\":\"https:\/\/shop.langhe.net\/en\/product\/piemonte-doc-moscato-gatti-en\/#primaryimage\",\"url\":\"https:\/\/shop.langhe.net\/files\/2014\/02\/piemonte_moscato_gatti.png\",\"contentUrl\":\"https:\/\/shop.langhe.net\/files\/2014\/02\/piemonte_moscato_gatti.png\",\"width\":570,\"height\":1350,\"caption\":\"Piemonte Moscato DOC - Gatti Piero (bottle)\"},{\"@type\":\"BreadcrumbList\",\"@id\":\"https:\/\/shop.langhe.net\/en\/product\/piemonte-doc-moscato-gatti-en\/#breadcrumb\",\"itemListElement\":[{\"@type\":\"ListItem\",\"position\":1,\"name\":\"Home\",\"item\":\"https:\/\/shop.langhe.net\/en\/\"},{\"@type\":\"ListItem\",\"position\":2,\"name\":\"Shop\",\"item\":\"https:\/\/shop.langhe.net\/en\/shop\/\"},{\"@type\":\"ListItem\",\"position\":3,\"name\":\"White Wines\",\"item\":\"https:\/\/shop.langhe.net\/en\/product-category\/white-wines\/\"},{\"@type\":\"ListItem\",\"position\":4,\"name\":\"Moscato DOC &amp; DOCG\",\"item\":\"https:\/\/shop.langhe.net\/en\/product-category\/white-wines\/moscato-en\/\"},{\"@type\":\"ListItem\",\"position\":5,\"name\":\"Piemonte Moscato DOC 2023 &#8211; Gatti Piero\"}]},{\"@type\":\"WebSite\",\"@id\":\"https:\/\/shop.langhe.net\/#website\",\"url\":\"https:\/\/shop.langhe.net\/\",\"name\":\"LoveLanghe Shop\",\"description\":\"Buy the Best Piedmontese Wines\",\"potentialAction\":[{\"@type\":\"SearchAction\",\"target\":{\"@type\":\"EntryPoint\",\"urlTemplate\":\"https:\/\/shop.langhe.net\/?s={search_term_string}\"},\"query-input\":{\"@type\":\"PropertyValueSpecification\",\"valueRequired\":true,\"valueName\":\"search_term_string\"}}],\"inLanguage\":\"en-US\"}]}<\/script>\n<!-- \/ Yoast SEO plugin. -->","yoast_head_json":{"title":"Buy Piemonte Moscato DOC 2023 - Gatti Piero at 13.00\u20ac only > ShopLanghe","description":"A wine to go with dessert on special occasions, they say. But this concept is outdated: Moscato is also perfect to accompany delicate savory dishes.  Trust me, try this madness at least once to change your mind! Sight It is a beautiful straw yellow. Nose Honey, ripe fruits, peach and pear. A faint hint of citrus completes the aroma. Taste It is sweet, delicately aromatic, and its natural effervescence makes it fresh and pleasant. Pairing tips If you want to carry on tradition, try it with hazelnut desserts, creams, and fruit.  If, on the other hand, you are open to new things, serve it during a light appetizer and surprise your guests.  To avoid: chocolate. It\u2019s your guy if\u2026 ...You love wines that are not too sweet and leave your mouth clean and fresh. Now listening Mon man\u00e8ge \u00e0 moi (Tu me fais tourner la t\u00eate) \u2013 \u00c9dith Piaf  https:\/\/open.spotify.com\/track\/1K1kbAMbbAzVii1v2P1xu3?si=5fb964d418ff4ca5","robots":{"index":"index","follow":"follow","max-snippet":"max-snippet:-1","max-image-preview":"max-image-preview:large","max-video-preview":"max-video-preview:-1"},"canonical":"https:\/\/shop.langhe.net\/en\/product\/piemonte-doc-moscato-gatti-en\/","og_locale":"en_US","og_type":"article","og_title":"Buy Piemonte Moscato DOC 2023 - Gatti Piero at 13.00\u20ac only > ShopLanghe","og_description":"A wine to go with dessert on special occasions, they say. But this concept is outdated: Moscato is also perfect to accompany delicate savory dishes.  Trust me, try this madness at least once to change your mind! Sight It is a beautiful straw yellow. Nose Honey, ripe fruits, peach and pear. A faint hint of citrus completes the aroma. Taste It is sweet, delicately aromatic, and its natural effervescence makes it fresh and pleasant. Pairing tips If you want to carry on tradition, try it with hazelnut desserts, creams, and fruit.  If, on the other hand, you are open to new things, serve it during a light appetizer and surprise your guests.  To avoid: chocolate. It\u2019s your guy if\u2026 ...You love wines that are not too sweet and leave your mouth clean and fresh. Now listening Mon man\u00e8ge \u00e0 moi (Tu me fais tourner la t\u00eate) \u2013 \u00c9dith Piaf  https:\/\/open.spotify.com\/track\/1K1kbAMbbAzVii1v2P1xu3?si=5fb964d418ff4ca5","og_url":"https:\/\/shop.langhe.net\/en\/product\/piemonte-doc-moscato-gatti-en\/","og_site_name":"LoveLanghe Shop","article_modified_time":"2025-02-23T23:13:06+00:00","og_image":[{"width":570,"height":1350,"url":"https:\/\/shop.langhe.net\/files\/2014\/02\/piemonte_moscato_gatti.png","type":"image\/png"}],"twitter_misc":{"Est. reading time":"1 minute"},"schema":{"@context":"https:\/\/schema.org","@graph":[{"@type":"WebPage","@id":"https:\/\/shop.langhe.net\/en\/product\/piemonte-doc-moscato-gatti-en\/","url":"https:\/\/shop.langhe.net\/en\/product\/piemonte-doc-moscato-gatti-en\/","name":"Buy Piemonte Moscato DOC 2023 - Gatti Piero at 13.00\u20ac only > ShopLanghe","isPartOf":{"@id":"https:\/\/shop.langhe.net\/#website"},"primaryImageOfPage":{"@id":"https:\/\/shop.langhe.net\/en\/product\/piemonte-doc-moscato-gatti-en\/#primaryimage"},"image":{"@id":"https:\/\/shop.langhe.net\/en\/product\/piemonte-doc-moscato-gatti-en\/#primaryimage"},"thumbnailUrl":"https:\/\/shop.langhe.net\/files\/2014\/02\/piemonte_moscato_gatti.png","datePublished":"2014-02-09T16:51:48+00:00","dateModified":"2025-02-23T23:13:06+00:00","description":"A wine to go with dessert on special occasions, they say. But this concept is outdated: Moscato is also perfect to accompany delicate savory dishes. Trust me, try this madness at least once to change your mind! Sight It is a beautiful straw yellow. Nose Honey, ripe fruits, peach and pear. A faint hint of citrus completes the aroma. Taste It is sweet, delicately aromatic, and its natural effervescence makes it fresh and pleasant. Pairing tips If you want to carry on tradition, try it with hazelnut desserts, creams, and fruit. If, on the other hand, you are open to new things, serve it during a light appetizer and surprise your guests. To avoid: chocolate. It\u2019s your guy if\u2026 ...You love wines that are not too sweet and leave your mouth clean and fresh. Now listening Mon man\u00e8ge \u00e0 moi (Tu me fais tourner la t\u00eate) \u2013 \u00c9dith Piaf https:\/\/open.spotify.com\/track\/1K1kbAMbbAzVii1v2P1xu3?si=5fb964d418ff4ca5","breadcrumb":{"@id":"https:\/\/shop.langhe.net\/en\/product\/piemonte-doc-moscato-gatti-en\/#breadcrumb"},"inLanguage":"en-US","potentialAction":[{"@type":"ReadAction","target":["https:\/\/shop.langhe.net\/en\/product\/piemonte-doc-moscato-gatti-en\/"]}]},{"@type":"ImageObject","inLanguage":"en-US","@id":"https:\/\/shop.langhe.net\/en\/product\/piemonte-doc-moscato-gatti-en\/#primaryimage","url":"https:\/\/shop.langhe.net\/files\/2014\/02\/piemonte_moscato_gatti.png","contentUrl":"https:\/\/shop.langhe.net\/files\/2014\/02\/piemonte_moscato_gatti.png","width":570,"height":1350,"caption":"Piemonte Moscato DOC - Gatti Piero (bottle)"},{"@type":"BreadcrumbList","@id":"https:\/\/shop.langhe.net\/en\/product\/piemonte-doc-moscato-gatti-en\/#breadcrumb","itemListElement":[{"@type":"ListItem","position":1,"name":"Home","item":"https:\/\/shop.langhe.net\/en\/"},{"@type":"ListItem","position":2,"name":"Shop","item":"https:\/\/shop.langhe.net\/en\/shop\/"},{"@type":"ListItem","position":3,"name":"White Wines","item":"https:\/\/shop.langhe.net\/en\/product-category\/white-wines\/"},{"@type":"ListItem","position":4,"name":"Moscato DOC &amp; DOCG","item":"https:\/\/shop.langhe.net\/en\/product-category\/white-wines\/moscato-en\/"},{"@type":"ListItem","position":5,"name":"Piemonte Moscato DOC 2023 &#8211; Gatti Piero"}]},{"@type":"WebSite","@id":"https:\/\/shop.langhe.net\/#website","url":"https:\/\/shop.langhe.net\/","name":"LoveLanghe Shop","description":"Buy the Best Piedmontese Wines","potentialAction":[{"@type":"SearchAction","target":{"@type":"EntryPoint","urlTemplate":"https:\/\/shop.langhe.net\/?s={search_term_string}"},"query-input":{"@type":"PropertyValueSpecification","valueRequired":true,"valueName":"search_term_string"}}],"inLanguage":"en-US"}]}},"acf":[],"_links":{"self":[{"href":"https:\/\/shop.langhe.net\/en\/wp-json\/wp\/v2\/product\/2233","targetHints":{"allow":["GET"]}}],"collection":[{"href":"https:\/\/shop.langhe.net\/en\/wp-json\/wp\/v2\/product"}],"about":[{"href":"https:\/\/shop.langhe.net\/en\/wp-json\/wp\/v2\/types\/product"}],"replies":[{"embeddable":true,"href":"https:\/\/shop.langhe.net\/en\/wp-json\/wp\/v2\/comments?post=2233"}],"wp:featuredmedia":[{"embeddable":true,"href":"https:\/\/shop.langhe.net\/en\/wp-json\/wp\/v2\/media\/54664"}],"wp:attachment":[{"href":"https:\/\/shop.langhe.net\/en\/wp-json\/wp\/v2\/media?parent=2233"}],"wp:term":[{"taxonomy":"product_brand","embeddable":true,"href":"https:\/\/shop.langhe.net\/en\/wp-json\/wp\/v2\/product_brand?post=2233"},{"taxonomy":"product_cat","embeddable":true,"href":"https:\/\/shop.langhe.net\/en\/wp-json\/wp\/v2\/product_cat?post=2233"},{"taxonomy":"product_tag","embeddable":true,"href":"https:\/\/shop.langhe.net\/en\/wp-json\/wp\/v2\/product_tag?post=2233"},{"taxonomy":"pa_denomination","embeddable":true,"href":"https:\/\/shop.langhe.net\/en\/wp-json\/wp\/v2\/pa_denomination?post=2233"},{"taxonomy":"pa_vine","embeddable":true,"href":"https:\/\/shop.langhe.net\/en\/wp-json\/wp\/v2\/pa_vine?post=2233"},{"taxonomy":"pa_producer","embeddable":true,"href":"https:\/\/shop.langhe.net\/en\/wp-json\/wp\/v2\/pa_producer?post=2233"}],"curies":[{"name":"wp","href":"https:\/\/api.w.org\/{rel}","templated":true}]}}